{"id":76320,"date":"2024-04-17T12:07:27","date_gmt":"2024-04-17T10:07:27","guid":{"rendered":"https:\/\/www.beerstrica.sk\/?page_id=76320"},"modified":"2024-10-13T16:58:46","modified_gmt":"2024-10-13T14:58:46","slug":"organic","status":"publish","type":"page","link":"https:\/\/www.beerstrica.sk\/eng\/organic\/","title":{"rendered":"Ecologic farming"},"content":{"rendered":"<div data-elementor-type=\"wp-page\" data-elementor-id=\"76320\" class=\"elementor elementor-76320\">\n\t\t\t\t\t\t<section class=\"elementor-section elementor-top-section elementor-element elementor-element-8dae9cd elementor-section-boxed elementor-section-height-default elementor-section-height-default\" data-id=\"8dae9cd\" data-element_type=\"section\" data-settings=\"{&quot;background_background&quot;:&quot;classic&quot;}\">\n\t\t\t\t\t\t<div class=\"elementor-container elementor-column-gap-default\">\n\t\t\t\t\t<div class=\"elementor-column elementor-col-100 elementor-top-column elementor-element elementor-element-5488317\" data-fullscreen-column-settings=\"{&quot;fullscreen&quot;:&quot;&quot;}\" data-id=\"5488317\" data-element_type=\"column\">\n\t\t\t<div class=\"elementor-widget-wrap elementor-element-populated\">\n\t\t\t\t\t\t<div class=\"elementor-element elementor-element-41c779f elementor-widget elementor-widget-image\" data-id=\"41c779f\" data-element_type=\"widget\" data-widget_type=\"image.default\">\n\t\t\t\t<div class=\"elementor-widget-container\">\n\t\t\t\t\t\t\t\t\t\t\t\t\t\t\t\t<a href=\"https:\/\/www.beerstrica.sk\/eng\/\">\n\t\t\t\t\t\t\t<img decoding=\"async\" width=\"150\" height=\"150\" src=\"https:\/\/www.beerstrica.sk\/wp-content\/uploads\/2023\/12\/cropped-favicon-150x150.png\" class=\"attachment-thumbnail size-thumbnail wp-image-75409\" alt=\"\" srcset=\"https:\/\/www.beerstrica.sk\/wp-content\/uploads\/2023\/12\/cropped-favicon-150x150.png 150w, https:\/\/www.beerstrica.sk\/wp-content\/uploads\/2023\/12\/cropped-favicon-300x300.png 300w, https:\/\/www.beerstrica.sk\/wp-content\/uploads\/2023\/12\/cropped-favicon-200x200.png 200w, https:\/\/www.beerstrica.sk\/wp-content\/uploads\/2023\/12\/cropped-favicon-270x270.png 270w, https:\/\/www.beerstrica.sk\/wp-content\/uploads\/2023\/12\/cropped-favicon-192x192.png 192w, https:\/\/www.beerstrica.sk\/wp-content\/uploads\/2023\/12\/cropped-favicon-180x180.png 180w, https:\/\/www.beerstrica.sk\/wp-content\/uploads\/2023\/12\/cropped-favicon-32x32.png 32w, https:\/\/www.beerstrica.sk\/wp-content\/uploads\/2023\/12\/cropped-favicon.png 512w\" sizes=\"(max-width: 150px) 100vw, 150px\" \/>\t\t\t\t\t\t\t\t<\/a>\n\t\t\t\t\t\t\t\t\t\t\t\t\t\t\t<\/div>\n\t\t\t\t<\/div>\n\t\t\t\t<div class=\"elementor-element elementor-element-f3f447a elementor-widget elementor-widget-heading\" data-id=\"f3f447a\" data-element_type=\"widget\" data-widget_type=\"heading.default\">\n\t\t\t\t<div class=\"elementor-widget-container\">\n\t\t\t\t\t<h2 class=\"elementor-heading-title elementor-size-default\">EKOLOGICK\u00c9 FARM\u00c1RCENIE<\/h2>\t\t\t\t<\/div>\n\t\t\t\t<\/div>\n\t\t\t\t<div class=\"elementor-element elementor-element-0fabd9e elementor-widget elementor-widget-text-editor\" data-id=\"0fabd9e\" data-element_type=\"widget\" data-widget_type=\"text-editor.default\">\n\t\t\t\t<div class=\"elementor-widget-container\">\n\t\t\t\t\t\t\t\t\t<p>We value life and that is why we only support <b>organic farming<\/b>.<\/p><p>Our meat comes predominantly from <b>Slovak Farms<\/b>that can guarantee the origin of the young bulls, cows, pigs or poultry. We know the farms personally and we choose the meat with great care.<\/p><p><b>We do not aim to find the most cheap offer there is, but we aim to find the most ecologic and ethical approach of the farmers.<\/b><\/p>\t\t\t\t\t\t\t\t<\/div>\n\t\t\t\t<\/div>\n\t\t\t\t\t<\/div>\n\t\t<\/div>\n\t\t\t\t\t<\/div>\n\t\t<\/section>\n\t\t\t\t<\/div>","protected":false},"excerpt":{"rendered":"<p>EKOLOGICK\u00c9 FARM\u00c1RCENIE V\u00e1\u017eime si \u017eivot zvierat a podporujeme len ekologick\u00e9 farm\u00e1r\u010denie. M\u00e4so poch\u00e1dza predov\u0161etk\u00fdm zo slovensk\u00fdch fariem, ktor\u00e9 n\u00e1m vedia zabezpe\u010di\u0165 p\u00f4vod mlad\u00fdch b\u00fdkov, kr\u00e1v i o\u0161\u00edpan\u00fdch \u010di hydiny. Farmy osobne pozn\u00e1me a m\u00e4so si starostlivo vyber\u00e1me. Nejdeme po cene, ale najm\u00e4 po \u010derstvosti a kvalite m\u00e4sa, ekologickom a etickom pr\u00edstupe farm\u00e1rov.<\/p>","protected":false},"author":1,"featured_media":0,"parent":0,"menu_order":0,"comment_status":"closed","ping_status":"closed","template":"","meta":{"footnotes":""},"class_list":["post-76320","page","type-page","status-publish","hentry"],"_links":{"self":[{"href":"https:\/\/www.beerstrica.sk\/eng\/wp-json\/wp\/v2\/pages\/76320","targetHints":{"allow":["GET"]}}],"collection":[{"href":"https:\/\/www.beerstrica.sk\/eng\/wp-json\/wp\/v2\/pages"}],"about":[{"href":"https:\/\/www.beerstrica.sk\/eng\/wp-json\/wp\/v2\/types\/page"}],"author":[{"embeddable":true,"href":"https:\/\/www.beerstrica.sk\/eng\/wp-json\/wp\/v2\/users\/1"}],"replies":[{"embeddable":true,"href":"https:\/\/www.beerstrica.sk\/eng\/wp-json\/wp\/v2\/comments?post=76320"}],"version-history":[{"count":10,"href":"https:\/\/www.beerstrica.sk\/eng\/wp-json\/wp\/v2\/pages\/76320\/revisions"}],"predecessor-version":[{"id":77763,"href":"https:\/\/www.beerstrica.sk\/eng\/wp-json\/wp\/v2\/pages\/76320\/revisions\/77763"}],"wp:attachment":[{"href":"https:\/\/www.beerstrica.sk\/eng\/wp-json\/wp\/v2\/media?parent=76320"}],"curies":[{"name":"wp","href":"https:\/\/api.w.org\/{rel}","templated":true}]}}