{"id":76333,"date":"2024-04-17T12:16:02","date_gmt":"2024-04-17T10:16:02","guid":{"rendered":"https:\/\/www.beerstrica.sk\/?page_id=76333"},"modified":"2024-10-13T16:58:25","modified_gmt":"2024-10-13T14:58:25","slug":"hranolky","status":"publish","type":"page","link":"https:\/\/www.beerstrica.sk\/eng\/hranolky\/","title":{"rendered":"Hranolky"},"content":{"rendered":"<div data-elementor-type=\"wp-page\" data-elementor-id=\"76333\" class=\"elementor elementor-76333\">\n\t\t\t\t\t\t<section class=\"elementor-section elementor-top-section elementor-element elementor-element-8dae9cd elementor-section-boxed elementor-section-height-default elementor-section-height-default\" data-id=\"8dae9cd\" data-element_type=\"section\" data-settings=\"{&quot;background_background&quot;:&quot;classic&quot;}\">\n\t\t\t\t\t\t<div class=\"elementor-container elementor-column-gap-default\">\n\t\t\t\t\t<div class=\"elementor-column elementor-col-100 elementor-top-column elementor-element elementor-element-5488317\" data-fullscreen-column-settings=\"{&quot;fullscreen&quot;:&quot;&quot;}\" data-id=\"5488317\" data-element_type=\"column\">\n\t\t\t<div class=\"elementor-widget-wrap elementor-element-populated\">\n\t\t\t\t\t\t<div class=\"elementor-element elementor-element-41c779f elementor-widget elementor-widget-image\" data-id=\"41c779f\" data-element_type=\"widget\" data-widget_type=\"image.default\">\n\t\t\t\t<div class=\"elementor-widget-container\">\n\t\t\t\t\t\t\t\t\t\t\t\t\t\t\t\t<a href=\"https:\/\/www.beerstrica.sk\/eng\/\">\n\t\t\t\t\t\t\t<img decoding=\"async\" width=\"150\" height=\"150\" src=\"https:\/\/www.beerstrica.sk\/wp-content\/uploads\/2023\/12\/cropped-favicon-150x150.png\" class=\"attachment-thumbnail size-thumbnail wp-image-75409\" alt=\"\" srcset=\"https:\/\/www.beerstrica.sk\/wp-content\/uploads\/2023\/12\/cropped-favicon-150x150.png 150w, https:\/\/www.beerstrica.sk\/wp-content\/uploads\/2023\/12\/cropped-favicon-300x300.png 300w, https:\/\/www.beerstrica.sk\/wp-content\/uploads\/2023\/12\/cropped-favicon-200x200.png 200w, https:\/\/www.beerstrica.sk\/wp-content\/uploads\/2023\/12\/cropped-favicon-270x270.png 270w, https:\/\/www.beerstrica.sk\/wp-content\/uploads\/2023\/12\/cropped-favicon-192x192.png 192w, https:\/\/www.beerstrica.sk\/wp-content\/uploads\/2023\/12\/cropped-favicon-180x180.png 180w, https:\/\/www.beerstrica.sk\/wp-content\/uploads\/2023\/12\/cropped-favicon-32x32.png 32w, https:\/\/www.beerstrica.sk\/wp-content\/uploads\/2023\/12\/cropped-favicon.png 512w\" sizes=\"(max-width: 150px) 100vw, 150px\" \/>\t\t\t\t\t\t\t\t<\/a>\n\t\t\t\t\t\t\t\t\t\t\t\t\t\t\t<\/div>\n\t\t\t\t<\/div>\n\t\t\t\t<div class=\"elementor-element elementor-element-f3f447a elementor-widget elementor-widget-heading\" data-id=\"f3f447a\" data-element_type=\"widget\" data-widget_type=\"heading.default\">\n\t\t\t\t<div class=\"elementor-widget-container\">\n\t\t\t\t\t<h2 class=\"elementor-heading-title elementor-size-default\">HOMEMADE FRIES<\/h2>\t\t\t\t<\/div>\n\t\t\t\t<\/div>\n\t\t\t\t<div class=\"elementor-element elementor-element-0fabd9e elementor-widget elementor-widget-text-editor\" data-id=\"0fabd9e\" data-element_type=\"widget\" data-widget_type=\"text-editor.default\">\n\t\t\t\t<div class=\"elementor-widget-container\">\n\t\t\t\t\t\t\t\t\t<p>To find real<b>\u00a0homemade fries\u00a0<\/b>is a great challenge.<\/p><p>Hlavn\u00fdm d\u00f4vodom je pracnos\u0165. Od h\u013eadania spr\u00e1vnej odrody zemiakov, kr\u00e1janie, cez skladovanie a vyh\u00fdbanie sa m\u00ednusov\u00fdm teplot\u00e1m v zime, po predv\u00e1ranie a dvojit\u00e9 sma\u017eenie. Cel\u00fd tento proces si vy\u017eaduje \u00fasilie, energiu a \u010das, ale ten <b>results speak for themselves.<\/b>.<\/p>\t\t\t\t\t\t\t\t<\/div>\n\t\t\t\t<\/div>\n\t\t\t\t\t<\/div>\n\t\t<\/div>\n\t\t\t\t\t<\/div>\n\t\t<\/section>\n\t\t\t\t<\/div>","protected":false},"excerpt":{"rendered":"<p>DOM\u00c1CE HRANOLKY Poctiv\u00e9 dobr\u00e9\u00a0dom\u00e1ce hranolky\u00a0nen\u00e1jdete v re\u0161taur\u00e1ci\u00e1ch \u013eahko. Hlavn\u00fdm d\u00f4vodom je pracnos\u0165. Od h\u013eadania spr\u00e1vnej odrody zemiakov, kr\u00e1janie, cez skladovanie a vyh\u00fdbanie sa m\u00ednusov\u00fdm teplot\u00e1m v zime, po predv\u00e1ranie a dvojit\u00e9 sma\u017eenie. Cel\u00fd tento proces si vy\u017eaduje \u00fasilie, energiu a \u010das, ale ten v\u00fdsledok stoj\u00ed za to.<\/p>","protected":false},"author":1,"featured_media":0,"parent":0,"menu_order":0,"comment_status":"closed","ping_status":"closed","template":"","meta":{"footnotes":""},"class_list":["post-76333","page","type-page","status-publish","hentry"],"_links":{"self":[{"href":"https:\/\/www.beerstrica.sk\/eng\/wp-json\/wp\/v2\/pages\/76333","targetHints":{"allow":["GET"]}}],"collection":[{"href":"https:\/\/www.beerstrica.sk\/eng\/wp-json\/wp\/v2\/pages"}],"about":[{"href":"https:\/\/www.beerstrica.sk\/eng\/wp-json\/wp\/v2\/types\/page"}],"author":[{"embeddable":true,"href":"https:\/\/www.beerstrica.sk\/eng\/wp-json\/wp\/v2\/users\/1"}],"replies":[{"embeddable":true,"href":"https:\/\/www.beerstrica.sk\/eng\/wp-json\/wp\/v2\/comments?post=76333"}],"version-history":[{"count":13,"href":"https:\/\/www.beerstrica.sk\/eng\/wp-json\/wp\/v2\/pages\/76333\/revisions"}],"predecessor-version":[{"id":77757,"href":"https:\/\/www.beerstrica.sk\/eng\/wp-json\/wp\/v2\/pages\/76333\/revisions\/77757"}],"wp:attachment":[{"href":"https:\/\/www.beerstrica.sk\/eng\/wp-json\/wp\/v2\/media?parent=76333"}],"curies":[{"name":"wp","href":"https:\/\/api.w.org\/{rel}","templated":true}]}}